{"id":4072,"date":"2022-08-29T20:15:53","date_gmt":"2022-08-29T20:15:53","guid":{"rendered":"https:\/\/odunlamilaw.com\/proceso-de-naturalizacion\/"},"modified":"2022-10-28T18:44:26","modified_gmt":"2022-10-28T18:44:26","slug":"proceso-de-naturalizacion","status":"publish","type":"page","link":"https:\/\/odunlamilaw.com\/es\/proceso-de-naturalizacion\/","title":{"rendered":"Proceso de naturalizaci\u00f3n"},"content":{"rendered":"\t\t<div data-elementor-type=\"wp-post\" data-elementor-id=\"4072\" class=\"elementor elementor-4072\" data-elementor-post-type=\"page\">\n\t\t\t\t\t\t<section class=\"elementor-section elementor-top-section elementor-element elementor-element-fd3210e elementor-section-boxed elementor-section-height-default elementor-section-height-default\" data-id=\"fd3210e\" data-element_type=\"section\" data-settings=\"{&quot;background_background&quot;:&quot;classic&quot;}\">\n\t\t\t\t\t\t\t<div class=\"elementor-background-overlay\"><\/div>\n\t\t\t\t\t\t\t<div class=\"elementor-container elementor-column-gap-wide\">\n\t\t\t\t\t<div class=\"elementor-column elementor-col-100 elementor-top-column elementor-element elementor-element-d43efa6\" data-id=\"d43efa6\" data-element_type=\"column\">\n\t\t\t<div class=\"elementor-widget-wrap elementor-element-populated\">\n\t\t\t\t\t\t<div class=\"elementor-element elementor-element-23d98a1 elementor-widget elementor-widget-heading\" data-id=\"23d98a1\" data-element_type=\"widget\" data-widget_type=\"heading.default\">\n\t\t\t\t<div class=\"elementor-widget-container\">\n\t\t\t\t\t<h1 class=\"elementor-heading-title elementor-size-default\">Ciudadan\u00eda y naturalizaci\u00f3n <br> Abogado en Nueva Jersey<\/h1>\t\t\t\t<\/div>\n\t\t\t\t<\/div>\n\t\t\t\t\t<\/div>\n\t\t<\/div>\n\t\t\t\t\t<\/div>\n\t\t<\/section>\n\t\t\t\t<section class=\"elementor-section elementor-top-section elementor-element elementor-element-47e2743 elementor-section-content-middle elementor-reverse-tablet elementor-reverse-mobile elementor-section-boxed elementor-section-height-default elementor-section-height-default\" data-id=\"47e2743\" data-element_type=\"section\">\n\t\t\t\t\t\t<div class=\"elementor-container elementor-column-gap-default\">\n\t\t\t\t\t<div class=\"elementor-column elementor-col-50 elementor-top-column elementor-element elementor-element-457e03e\" data-id=\"457e03e\" data-element_type=\"column\">\n\t\t\t<div class=\"elementor-widget-wrap elementor-element-populated\">\n\t\t\t\t\t\t<div class=\"elementor-element elementor-element-b6b9a80 elementor-widget elementor-widget-heading\" data-id=\"b6b9a80\" data-element_type=\"widget\" data-widget_type=\"heading.default\">\n\t\t\t\t<div class=\"elementor-widget-container\">\n\t\t\t\t\t<h2 class=\"elementor-heading-title elementor-size-default\">Odunlami Law le ayudar\u00e1 a hacerse ciudadano de los Estados Unidos <\/h2>\t\t\t\t<\/div>\n\t\t\t\t<\/div>\n\t\t\t\t<div class=\"elementor-element elementor-element-0ef5bff elementor-widget-divider--view-line elementor-widget elementor-widget-divider\" data-id=\"0ef5bff\" data-element_type=\"widget\" data-widget_type=\"divider.default\">\n\t\t\t\t<div class=\"elementor-widget-container\">\n\t\t\t\t\t\t\t<div class=\"elementor-divider\">\n\t\t\t<span class=\"elementor-divider-separator\">\n\t\t\t\t\t\t<\/span>\n\t\t<\/div>\n\t\t\t\t\t\t<\/div>\n\t\t\t\t<\/div>\n\t\t\t\t<div class=\"elementor-element elementor-element-b410d41 elementor-widget elementor-widget-text-editor\" data-id=\"b410d41\" data-element_type=\"widget\" data-widget_type=\"text-editor.default\">\n\t\t\t\t<div class=\"elementor-widget-container\">\n\t\t\t\t\t\t\t\t\t<p>El camino del inmigrante es largo y complejo, m\u00e1s a\u00fan cuando se trata de convertirse en ciudadano estadounidense. Cuando usted inicia su solicitud de naturalizaci\u00f3n, tambi\u00e9n comienza un proceso exhaustivo por parte del gobierno que examinar\u00e1 cada peque\u00f1o detalle de su vida en Estados Unidos y su documentaci\u00f3n. Por eso, contratar a un abogado de naturalizaci\u00f3n en Nueva Jersey puede determinar el resultado de su solicitud.<\/p>\n\t\t\t\t\t\t\t\t<\/div>\n\t\t\t\t<\/div>\n\t\t\t\t<div class=\"elementor-element elementor-element-0214717 elementor-widget elementor-widget-heading\" data-id=\"0214717\" data-element_type=\"widget\" data-widget_type=\"heading.default\">\n\t\t\t\t<div class=\"elementor-widget-container\">\n\t\t\t\t\t<h3 class=\"elementor-heading-title elementor-size-default\">C\u00f3mo convertirse en ciudadano estadounidense<\/h3>\t\t\t\t<\/div>\n\t\t\t\t<\/div>\n\t\t\t\t<div class=\"elementor-element elementor-element-e75af2a elementor-widget elementor-widget-text-editor\" data-id=\"e75af2a\" data-element_type=\"widget\" data-widget_type=\"text-editor.default\">\n\t\t\t\t<div class=\"elementor-widget-container\">\n\t\t\t\t\t\t\t\t\t<p>Los inmigrantes que est\u00e9n interesados en convertirse en ciudadanos estadounidenses pueden lograrlo a trav\u00e9s del llamado proceso de naturalizaci\u00f3n. No es una tarea f\u00e1cil. En primer lugar, el solicitante debe pasar un control de antecedentes y de seguridad, ser entrevistado por un agente del USCIS y superar un examen especial para la naturalizaci\u00f3n.<\/p>\n<p><span style=\"font-style: inherit; font-weight: inherit;\">Debe poder demostrar un amplio conocimiento de la historia, los valores y el gobierno del pa\u00eds, y entender y hablar ingl\u00e9s con fluidez. Adem\u00e1s, debes presentar al USCIS toda la documentaci\u00f3n requerida, perfectamente cumplimentada con cada uno de los peque\u00f1os requisitos de la ciudadan\u00eda estadounidense. Aqu\u00ed es donde Odunlami Law, una abogada de ciudadan\u00eda de Nueva Jersey, entra en juego para ayudarle a hacer este proceso de la manera correcta.<\/span><\/p>\n\t\t\t\t\t\t\t\t<\/div>\n\t\t\t\t<\/div>\n\t\t\t\t\t<\/div>\n\t\t<\/div>\n\t\t\t\t<div class=\"elementor-column elementor-col-50 elementor-top-column elementor-element elementor-element-c596b29\" data-id=\"c596b29\" data-element_type=\"column\" data-settings=\"{&quot;background_background&quot;:&quot;gradient&quot;}\">\n\t\t\t<div class=\"elementor-widget-wrap elementor-element-populated\">\n\t\t\t\t\t\t<div class=\"elementor-element elementor-element-19aadb3 elementor-widget elementor-widget-image\" data-id=\"19aadb3\" data-element_type=\"widget\" data-settings=\"{&quot;motion_fx_motion_fx_scrolling&quot;:&quot;yes&quot;,&quot;motion_fx_devices&quot;:[&quot;desktop&quot;,&quot;tablet&quot;,&quot;mobile&quot;]}\" data-widget_type=\"image.default\">\n\t\t\t\t<div class=\"elementor-widget-container\">\n\t\t\t\t\t\t\t\t\t\t\t\t\t\t\t<img fetchpriority=\"high\" decoding=\"async\" width=\"800\" height=\"800\" src=\"https:\/\/odunlamilaw.com\/wp-content\/uploads\/2022\/08\/natu.jpg\" class=\"attachment-full size-full wp-image-2870\" alt=\"\" srcset=\"https:\/\/odunlamilaw.com\/wp-content\/uploads\/2022\/08\/natu.jpg 800w, https:\/\/odunlamilaw.com\/wp-content\/uploads\/2022\/08\/natu-300x300.jpg 300w, https:\/\/odunlamilaw.com\/wp-content\/uploads\/2022\/08\/natu-150x150.jpg 150w, https:\/\/odunlamilaw.com\/wp-content\/uploads\/2022\/08\/natu-768x768.jpg 768w\" sizes=\"(max-width: 800px) 100vw, 800px\" \/>\t\t\t\t\t\t\t\t\t\t\t\t\t\t\t<\/div>\n\t\t\t\t<\/div>\n\t\t\t\t\t<\/div>\n\t\t<\/div>\n\t\t\t\t\t<\/div>\n\t\t<\/section>\n\t\t\t\t<section class=\"elementor-section elementor-top-section elementor-element elementor-element-7b67749 elementor-section-content-middle elementor-section-boxed elementor-section-height-default elementor-section-height-default\" data-id=\"7b67749\" data-element_type=\"section\" data-settings=\"{&quot;background_background&quot;:&quot;classic&quot;}\">\n\t\t\t\t\t\t\t<div class=\"elementor-background-overlay\"><\/div>\n\t\t\t\t\t\t\t<div class=\"elementor-container elementor-column-gap-wide\">\n\t\t\t\t\t<div class=\"elementor-column elementor-col-50 elementor-top-column elementor-element elementor-element-6c44306\" data-id=\"6c44306\" data-element_type=\"column\">\n\t\t\t<div class=\"elementor-widget-wrap elementor-element-populated\">\n\t\t\t\t\t\t<div class=\"elementor-element elementor-element-8affb33 elementor-hidden-desktop elementor-widget elementor-widget-image\" data-id=\"8affb33\" data-element_type=\"widget\" data-widget_type=\"image.default\">\n\t\t\t\t<div class=\"elementor-widget-container\">\n\t\t\t\t\t\t\t\t\t\t\t\t\t\t\t<img decoding=\"async\" width=\"1920\" height=\"1282\" src=\"https:\/\/odunlamilaw.com\/wp-content\/uploads\/2022\/08\/pexels-cytonn-photography-955392.jpg\" class=\"attachment-full size-full wp-image-3139\" alt=\"\" srcset=\"https:\/\/odunlamilaw.com\/wp-content\/uploads\/2022\/08\/pexels-cytonn-photography-955392.jpg 1920w, https:\/\/odunlamilaw.com\/wp-content\/uploads\/2022\/08\/pexels-cytonn-photography-955392-300x200.jpg 300w, https:\/\/odunlamilaw.com\/wp-content\/uploads\/2022\/08\/pexels-cytonn-photography-955392-1024x684.jpg 1024w, https:\/\/odunlamilaw.com\/wp-content\/uploads\/2022\/08\/pexels-cytonn-photography-955392-768x513.jpg 768w, https:\/\/odunlamilaw.com\/wp-content\/uploads\/2022\/08\/pexels-cytonn-photography-955392-1536x1026.jpg 1536w\" sizes=\"(max-width: 1920px) 100vw, 1920px\" \/>\t\t\t\t\t\t\t\t\t\t\t\t\t\t\t<\/div>\n\t\t\t\t<\/div>\n\t\t\t\t\t<\/div>\n\t\t<\/div>\n\t\t\t\t<div class=\"elementor-column elementor-col-50 elementor-top-column elementor-element elementor-element-a202d48\" data-id=\"a202d48\" data-element_type=\"column\" data-settings=\"{&quot;background_background&quot;:&quot;classic&quot;}\">\n\t\t\t<div class=\"elementor-widget-wrap elementor-element-populated\">\n\t\t\t\t\t\t<div class=\"elementor-element elementor-element-7a9fc8a elementor-invisible elementor-widget elementor-widget-heading\" data-id=\"7a9fc8a\" data-element_type=\"widget\" data-settings=\"{&quot;_animation&quot;:&quot;fadeIn&quot;}\" data-widget_type=\"heading.default\">\n\t\t\t\t<div class=\"elementor-widget-container\">\n\t\t\t\t\t<h3 class=\"elementor-heading-title elementor-size-default\"> \u00bfQu\u00e9 es el formulario N-600? \u00bfPor qu\u00e9 necesito uno?<\/h3>\t\t\t\t<\/div>\n\t\t\t\t<\/div>\n\t\t\t\t<div class=\"elementor-element elementor-element-29c449e elementor-widget-divider--view-line elementor-widget elementor-widget-divider\" data-id=\"29c449e\" data-element_type=\"widget\" data-widget_type=\"divider.default\">\n\t\t\t\t<div class=\"elementor-widget-container\">\n\t\t\t\t\t\t\t<div class=\"elementor-divider\">\n\t\t\t<span class=\"elementor-divider-separator\">\n\t\t\t\t\t\t<\/span>\n\t\t<\/div>\n\t\t\t\t\t\t<\/div>\n\t\t\t\t<\/div>\n\t\t\t\t<div class=\"elementor-element elementor-element-c4c9089 elementor-widget elementor-widget-text-editor\" data-id=\"c4c9089\" data-element_type=\"widget\" data-widget_type=\"text-editor.default\">\n\t\t\t\t<div class=\"elementor-widget-container\">\n\t\t\t\t\t\t\t\t\t<p>Uno de los pasos m\u00e1s importantes del proceso es conseguir el llamado formulario de naturalizaci\u00f3n N-600, presentado para obtener un Certificado de Ciudadan\u00eda que sirve como prueba de la ciudadan\u00eda.<\/p>\n<p><span style=\"font-style: inherit; font-weight: inherit;\">Pueden presentarla quienes hayan nacido en un pa\u00eds extranjero y pretendan ser ciudadanos estadounidenses a trav\u00e9s de sus padres. O tal vez para obtener una prueba de ciudadan\u00eda si se convirti\u00f3 autom\u00e1ticamente en ciudadano de los Estados Unidos por efecto de la ley despu\u00e9s del nacimiento pero antes de cumplir los 18 a\u00f1os. Un padre o tutor tambi\u00e9n puede presentar el formulario N-600 en nombre de un menor.<\/span><\/p>\n\t\t\t\t\t\t\t\t<\/div>\n\t\t\t\t<\/div>\n\t\t\t\t<div class=\"elementor-element elementor-element-a23bbb6 elementor-widget elementor-widget-heading\" data-id=\"a23bbb6\" data-element_type=\"widget\" data-widget_type=\"heading.default\">\n\t\t\t\t<div class=\"elementor-widget-container\">\n\t\t\t\t\t<h3 class=\"elementor-heading-title elementor-size-default\">Abogado para la eliminaci\u00f3n de las condiciones y la naturalizaci\u00f3n <\/h3>\t\t\t\t<\/div>\n\t\t\t\t<\/div>\n\t\t\t\t<div class=\"elementor-element elementor-element-4abaaa5 elementor-widget elementor-widget-text-editor\" data-id=\"4abaaa5\" data-element_type=\"widget\" data-widget_type=\"text-editor.default\">\n\t\t\t\t<div class=\"elementor-widget-container\">\n\t\t\t\t\t\t\t\t\t<p>El formulario I-751, petici\u00f3n de eliminaci\u00f3n de condiciones, es un documento que utilizan los residentes permanentes condicionales para eliminar las condiciones que les dieron este estatus, con el fin de convertirse en residentes permanentes legales y poder obtener la ciudadan\u00eda.<\/p>\n<p><span style=\"font-style: inherit; font-weight: inherit;\">Pasar por este proceso puede ser complicado para muchas personas, el formulario es delicado y tiene mucha letra peque\u00f1a, y el riesgo de hacerlo mal es la deportaci\u00f3n. Por eso recomendamos llamar a un abogado de eliminaci\u00f3n de condiciones y naturalizaci\u00f3n como Odunlami Law.<\/span><\/p>\n\t\t\t\t\t\t\t\t<\/div>\n\t\t\t\t<\/div>\n\t\t\t\t\t<\/div>\n\t\t<\/div>\n\t\t\t\t\t<\/div>\n\t\t<\/section>\n\t\t\t\t<section class=\"elementor-section elementor-top-section elementor-element elementor-element-e8a7617 elementor-section-content-middle elementor-reverse-tablet elementor-reverse-mobile elementor-section-boxed elementor-section-height-default elementor-section-height-default\" data-id=\"e8a7617\" data-element_type=\"section\" data-settings=\"{&quot;background_background&quot;:&quot;classic&quot;}\">\n\t\t\t\t\t\t\t<div class=\"elementor-background-overlay\"><\/div>\n\t\t\t\t\t\t\t<div class=\"elementor-container elementor-column-gap-wide\">\n\t\t\t\t\t<div class=\"elementor-column elementor-col-50 elementor-top-column elementor-element elementor-element-96a8374\" data-id=\"96a8374\" data-element_type=\"column\" data-settings=\"{&quot;background_background&quot;:&quot;classic&quot;}\">\n\t\t\t<div class=\"elementor-widget-wrap elementor-element-populated\">\n\t\t\t\t\t\t<div class=\"elementor-element elementor-element-b190a19 elementor-widget elementor-widget-heading\" data-id=\"b190a19\" data-element_type=\"widget\" data-widget_type=\"heading.default\">\n\t\t\t\t<div class=\"elementor-widget-container\">\n\t\t\t\t\t<h3 class=\"elementor-heading-title elementor-size-default\">Ciudadan\u00eda y residencia: \u00bfCu\u00e1l es la diferencia?<\/h3>\t\t\t\t<\/div>\n\t\t\t\t<\/div>\n\t\t\t\t<div class=\"elementor-element elementor-element-4ec6ced elementor-widget-divider--view-line elementor-widget elementor-widget-divider\" data-id=\"4ec6ced\" data-element_type=\"widget\" data-widget_type=\"divider.default\">\n\t\t\t\t<div class=\"elementor-widget-container\">\n\t\t\t\t\t\t\t<div class=\"elementor-divider\">\n\t\t\t<span class=\"elementor-divider-separator\">\n\t\t\t\t\t\t<\/span>\n\t\t<\/div>\n\t\t\t\t\t\t<\/div>\n\t\t\t\t<\/div>\n\t\t\t\t<div class=\"elementor-element elementor-element-7fdcf70 elementor-widget elementor-widget-text-editor\" data-id=\"7fdcf70\" data-element_type=\"widget\" data-widget_type=\"text-editor.default\">\n\t\t\t\t<div class=\"elementor-widget-container\">\n\t\t\t\t\t\t\t\t\t<p>Mientras que un ciudadano estadounidense es alguien que pertenece legalmente al pa\u00eds y se identifica con \u00e9l, los residentes viven en Estados Unidos y trabajan aqu\u00ed legalmente, pero no tienen los mismos derechos y obligaciones.<\/p>\n<p><span style=\"font-style: inherit; font-weight: inherit;\">Ser ciudadano si no has nacido en Estados Unidos es un gran privilegio. Por ejemplo, algunas diferencias en cuanto a la residencia es que los ciudadanos pueden votar, no pueden ser deportados y no est\u00e1n sujetos a los tiempos de caducidad del visado.<\/span><\/p>\n\t\t\t\t\t\t\t\t<\/div>\n\t\t\t\t<\/div>\n\t\t\t\t<div class=\"elementor-element elementor-element-1bf4954 elementor-align-left elementor-invisible elementor-widget elementor-widget-button\" data-id=\"1bf4954\" data-element_type=\"widget\" data-settings=\"{&quot;_animation&quot;:&quot;fadeInUp&quot;,&quot;_animation_delay&quot;:100}\" data-widget_type=\"button.default\">\n\t\t\t\t<div class=\"elementor-widget-container\">\n\t\t\t\t\t\t\t\t\t<div class=\"elementor-button-wrapper\">\n\t\t\t\t\t<a class=\"elementor-button elementor-button-link elementor-size-md\" href=\"https:\/\/odunlamilaw.com\/contact-us\/\">\n\t\t\t\t\t\t<span class=\"elementor-button-content-wrapper\">\n\t\t\t\t\t\t\t\t\t<span class=\"elementor-button-text\"> P\u00f3ngase en contacto con Odunlami Law y cumpla su sue\u00f1o americano<\/span>\n\t\t\t\t\t<\/span>\n\t\t\t\t\t<\/a>\n\t\t\t\t<\/div>\n\t\t\t\t\t\t\t\t<\/div>\n\t\t\t\t<\/div>\n\t\t\t\t\t<\/div>\n\t\t<\/div>\n\t\t\t\t<div class=\"elementor-column elementor-col-50 elementor-top-column elementor-element elementor-element-96d9f47\" data-id=\"96d9f47\" data-element_type=\"column\" data-settings=\"{&quot;background_background&quot;:&quot;classic&quot;}\">\n\t\t\t<div class=\"elementor-widget-wrap elementor-element-populated\">\n\t\t\t\t\t\t<div class=\"elementor-element elementor-element-7f8e456 elementor-hidden-desktop elementor-widget elementor-widget-image\" data-id=\"7f8e456\" data-element_type=\"widget\" data-widget_type=\"image.default\">\n\t\t\t\t<div class=\"elementor-widget-container\">\n\t\t\t\t\t\t\t\t\t\t\t\t\t\t\t<img decoding=\"async\" width=\"1920\" height=\"1280\" src=\"https:\/\/odunlamilaw.com\/wp-content\/uploads\/2022\/08\/pexels-kampus-production-7551617.jpg\" class=\"attachment-full size-full wp-image-3141\" alt=\"\" srcset=\"https:\/\/odunlamilaw.com\/wp-content\/uploads\/2022\/08\/pexels-kampus-production-7551617.jpg 1920w, https:\/\/odunlamilaw.com\/wp-content\/uploads\/2022\/08\/pexels-kampus-production-7551617-300x200.jpg 300w, https:\/\/odunlamilaw.com\/wp-content\/uploads\/2022\/08\/pexels-kampus-production-7551617-1024x683.jpg 1024w, https:\/\/odunlamilaw.com\/wp-content\/uploads\/2022\/08\/pexels-kampus-production-7551617-768x512.jpg 768w, https:\/\/odunlamilaw.com\/wp-content\/uploads\/2022\/08\/pexels-kampus-production-7551617-1536x1024.jpg 1536w\" sizes=\"(max-width: 1920px) 100vw, 1920px\" \/>\t\t\t\t\t\t\t\t\t\t\t\t\t\t\t<\/div>\n\t\t\t\t<\/div>\n\t\t\t\t\t<\/div>\n\t\t<\/div>\n\t\t\t\t\t<\/div>\n\t\t<\/section>\n\t\t\t\t<section class=\"elementor-section elementor-top-section elementor-element elementor-element-a4620d0 elementor-section-content-middle elementor-section-boxed elementor-section-height-default elementor-section-height-default\" data-id=\"a4620d0\" data-element_type=\"section\" data-settings=\"{&quot;background_background&quot;:&quot;classic&quot;}\">\n\t\t\t\t\t\t\t<div class=\"elementor-background-overlay\"><\/div>\n\t\t\t\t\t\t\t<div class=\"elementor-container elementor-column-gap-wide\">\n\t\t\t\t\t<div class=\"elementor-column elementor-col-50 elementor-top-column elementor-element elementor-element-5e51c14\" data-id=\"5e51c14\" data-element_type=\"column\" data-settings=\"{&quot;background_background&quot;:&quot;classic&quot;}\">\n\t\t\t<div class=\"elementor-widget-wrap elementor-element-populated\">\n\t\t\t\t\t\t<div class=\"elementor-element elementor-element-4f3c7b6 elementor-hidden-desktop elementor-widget elementor-widget-image\" data-id=\"4f3c7b6\" data-element_type=\"widget\" data-widget_type=\"image.default\">\n\t\t\t\t<div class=\"elementor-widget-container\">\n\t\t\t\t\t\t\t\t\t\t\t\t\t\t\t<img loading=\"lazy\" decoding=\"async\" width=\"1000\" height=\"600\" src=\"https:\/\/odunlamilaw.com\/wp-content\/uploads\/2022\/06\/Untitled-1.jpg\" class=\"attachment-full size-full wp-image-1624\" alt=\"\" srcset=\"https:\/\/odunlamilaw.com\/wp-content\/uploads\/2022\/06\/Untitled-1.jpg 1000w, https:\/\/odunlamilaw.com\/wp-content\/uploads\/2022\/06\/Untitled-1-300x180.jpg 300w, https:\/\/odunlamilaw.com\/wp-content\/uploads\/2022\/06\/Untitled-1-768x461.jpg 768w\" sizes=\"(max-width: 1000px) 100vw, 1000px\" \/>\t\t\t\t\t\t\t\t\t\t\t\t\t\t\t<\/div>\n\t\t\t\t<\/div>\n\t\t\t\t\t<\/div>\n\t\t<\/div>\n\t\t\t\t<div class=\"elementor-column elementor-col-50 elementor-top-column elementor-element elementor-element-f6b175c\" data-id=\"f6b175c\" data-element_type=\"column\" data-settings=\"{&quot;background_background&quot;:&quot;classic&quot;}\">\n\t\t\t<div class=\"elementor-widget-wrap elementor-element-populated\">\n\t\t\t\t\t\t<div class=\"elementor-element elementor-element-aa44a62 elementor-widget elementor-widget-heading\" data-id=\"aa44a62\" data-element_type=\"widget\" data-widget_type=\"heading.default\">\n\t\t\t\t<div class=\"elementor-widget-container\">\n\t\t\t\t\t<h4 class=\"elementor-heading-title elementor-size-default\"><a href=\"#\">Odunlami Law Firm\n<\/a><\/h4>\t\t\t\t<\/div>\n\t\t\t\t<\/div>\n\t\t\t\t<div class=\"elementor-element elementor-element-7293745 elementor-widget-divider--view-line elementor-widget elementor-widget-divider\" data-id=\"7293745\" data-element_type=\"widget\" data-widget_type=\"divider.default\">\n\t\t\t\t<div class=\"elementor-widget-container\">\n\t\t\t\t\t\t\t<div class=\"elementor-divider\">\n\t\t\t<span class=\"elementor-divider-separator\">\n\t\t\t\t\t\t<\/span>\n\t\t<\/div>\n\t\t\t\t\t\t<\/div>\n\t\t\t\t<\/div>\n\t\t\t\t<div class=\"elementor-element elementor-element-d171ee1 elementor-widget elementor-widget-text-editor\" data-id=\"d171ee1\" data-element_type=\"widget\" data-widget_type=\"text-editor.default\">\n\t\t\t\t<div class=\"elementor-widget-container\">\n\t\t\t\t\t\t\t\t\tPrograme una consulta con un abogado de inmigraci\u00f3n y comience su caso hoy mismo.\n\t\t\t\t\t\t\t\t<\/div>\n\t\t\t\t<\/div>\n\t\t\t\t<div class=\"elementor-element elementor-element-2d7b0d1 elementor-align-center elementor-invisible elementor-widget elementor-widget-button\" data-id=\"2d7b0d1\" data-element_type=\"widget\" data-settings=\"{&quot;_animation&quot;:&quot;fadeInUp&quot;,&quot;_animation_delay&quot;:100}\" data-widget_type=\"button.default\">\n\t\t\t\t<div class=\"elementor-widget-container\">\n\t\t\t\t\t\t\t\t\t<div class=\"elementor-button-wrapper\">\n\t\t\t\t\t<a class=\"elementor-button elementor-button-link elementor-size-md\" href=\"https:\/\/odunlamilaw.com\/schedule-a-consultation\/\">\n\t\t\t\t\t\t<span class=\"elementor-button-content-wrapper\">\n\t\t\t\t\t\t\t\t\t<span class=\"elementor-button-text\">Programe una cita<\/span>\n\t\t\t\t\t<\/span>\n\t\t\t\t\t<\/a>\n\t\t\t\t<\/div>\n\t\t\t\t\t\t\t\t<\/div>\n\t\t\t\t<\/div>\n\t\t\t\t\t<\/div>\n\t\t<\/div>\n\t\t\t\t\t<\/div>\n\t\t<\/section>\n\t\t\t\t<\/div>\n\t\t","protected":false},"excerpt":{"rendered":"<p>Ciudadan\u00eda y naturalizaci\u00f3n Abogado en Nueva Jersey Odunlami Law le ayudar\u00e1 a hacerse ciudadano de los Estados Unidos El camino del inmigrante es largo y complejo, m\u00e1s a\u00fan cuando se trata de convertirse en ciudadano estadounidense. Cuando usted inicia su solicitud de naturalizaci\u00f3n, tambi\u00e9n comienza un proceso exhaustivo por parte del gobierno que examinar\u00e1 cada [&hellip;]<\/p>\n","protected":false},"author":7,"featured_media":0,"parent":0,"menu_order":0,"comment_status":"closed","ping_status":"closed","template":"","meta":{"site-sidebar-layout":"no-sidebar","site-content-layout":"page-builder","ast-site-content-layout":"default","site-content-style":"default","site-sidebar-style":"default","ast-global-header-display":"","ast-banner-title-visibility":"","ast-main-header-display":"","ast-hfb-above-header-display":"","ast-hfb-below-header-display":"","ast-hfb-mobile-header-display":"","site-post-title":"disabled","ast-breadcrumbs-content":"","ast-featured-img":"","footer-sml-layout":"","theme-transparent-header-meta":"enabled","adv-header-id-meta":"","stick-header-meta":"","header-above-stick-meta":"","header-main-stick-meta":"","header-below-stick-meta":"","astra-migrate-meta-layouts":"default","ast-page-background-enabled":"default","ast-page-background-meta":{"desktop":{"background-color":"","background-image":"","background-repeat":"repeat","background-position":"center center","background-size":"auto","background-attachment":"scroll","background-type":"","background-media":"","overlay-type":"","overlay-color":"","overlay-opacity":"","overlay-gradient":""},"tablet":{"background-color":"","background-image":"","background-repeat":"repeat","background-position":"center center","background-size":"auto","background-attachment":"scroll","background-type":"","background-media":"","overlay-type":"","overlay-color":"","overlay-opacity":"","overlay-gradient":""},"mobile":{"background-color":"","background-image":"","background-repeat":"repeat","background-position":"center center","background-size":"auto","background-attachment":"scroll","background-type":"","background-media":"","overlay-type":"","overlay-color":"","overlay-opacity":"","overlay-gradient":""}},"ast-content-background-meta":{"desktop":{"background-color":"var(--ast-global-color-5)","background-image":"","background-repeat":"repeat","background-position":"center center","background-size":"auto","background-attachment":"scroll","background-type":"","background-media":"","overlay-type":"","overlay-color":"","overlay-opacity":"","overlay-gradient":""},"tablet":{"background-color":"var(--ast-global-color-5)","background-image":"","background-repeat":"repeat","background-position":"center center","background-size":"auto","background-attachment":"scroll","background-type":"","background-media":"","overlay-type":"","overlay-color":"","overlay-opacity":"","overlay-gradient":""},"mobile":{"background-color":"var(--ast-global-color-5)","background-image":"","background-repeat":"repeat","background-position":"center center","background-size":"auto","background-attachment":"scroll","background-type":"","background-media":"","overlay-type":"","overlay-color":"","overlay-opacity":"","overlay-gradient":""}},"footnotes":""},"class_list":["post-4072","page","type-page","status-publish","hentry"],"_links":{"self":[{"href":"https:\/\/odunlamilaw.com\/es\/wp-json\/wp\/v2\/pages\/4072","targetHints":{"allow":["GET"]}}],"collection":[{"href":"https:\/\/odunlamilaw.com\/es\/wp-json\/wp\/v2\/pages"}],"about":[{"href":"https:\/\/odunlamilaw.com\/es\/wp-json\/wp\/v2\/types\/page"}],"author":[{"embeddable":true,"href":"https:\/\/odunlamilaw.com\/es\/wp-json\/wp\/v2\/users\/7"}],"replies":[{"embeddable":true,"href":"https:\/\/odunlamilaw.com\/es\/wp-json\/wp\/v2\/comments?post=4072"}],"version-history":[{"count":4,"href":"https:\/\/odunlamilaw.com\/es\/wp-json\/wp\/v2\/pages\/4072\/revisions"}],"predecessor-version":[{"id":4338,"href":"https:\/\/odunlamilaw.com\/es\/wp-json\/wp\/v2\/pages\/4072\/revisions\/4338"}],"wp:attachment":[{"href":"https:\/\/odunlamilaw.com\/es\/wp-json\/wp\/v2\/media?parent=4072"}],"curies":[{"name":"wp","href":"https:\/\/api.w.org\/{rel}","templated":true}]}}