{"id":4054,"date":"2022-08-29T20:16:22","date_gmt":"2022-08-29T20:16:22","guid":{"rendered":"https:\/\/odunlamilaw.com\/visado-u\/"},"modified":"2022-10-28T18:24:07","modified_gmt":"2022-10-28T18:24:07","slug":"visado-u","status":"publish","type":"page","link":"https:\/\/odunlamilaw.com\/es\/visado-u\/","title":{"rendered":"Visa U"},"content":{"rendered":"\t\t<div data-elementor-type=\"wp-post\" data-elementor-id=\"4054\" class=\"elementor elementor-4054\" data-elementor-post-type=\"page\">\n\t\t\t\t\t\t<section class=\"elementor-section elementor-top-section elementor-element elementor-element-fd3210e elementor-section-boxed elementor-section-height-default elementor-section-height-default\" data-id=\"fd3210e\" data-element_type=\"section\" data-settings=\"{&quot;background_background&quot;:&quot;classic&quot;}\">\n\t\t\t\t\t\t\t<div class=\"elementor-background-overlay\"><\/div>\n\t\t\t\t\t\t\t<div class=\"elementor-container elementor-column-gap-wide\">\n\t\t\t\t\t<div class=\"elementor-column elementor-col-100 elementor-top-column elementor-element elementor-element-d43efa6\" data-id=\"d43efa6\" data-element_type=\"column\">\n\t\t\t<div class=\"elementor-widget-wrap elementor-element-populated\">\n\t\t\t\t\t\t<div class=\"elementor-element elementor-element-23d98a1 elementor-widget elementor-widget-heading\" data-id=\"23d98a1\" data-element_type=\"widget\" data-widget_type=\"heading.default\">\n\t\t\t\t<div class=\"elementor-widget-container\">\n\t\t\t\t\t<h1 class=\"elementor-heading-title elementor-size-default\">Abogada de Visa U en Nueva Jersey para proteger a las v\u00edctimas de delitos\n<\/h1>\t\t\t\t<\/div>\n\t\t\t\t<\/div>\n\t\t\t\t\t<\/div>\n\t\t<\/div>\n\t\t\t\t\t<\/div>\n\t\t<\/section>\n\t\t\t\t<section class=\"elementor-section elementor-top-section elementor-element elementor-element-47e2743 elementor-section-content-middle elementor-section-boxed elementor-section-height-default elementor-section-height-default\" data-id=\"47e2743\" data-element_type=\"section\">\n\t\t\t\t\t\t<div class=\"elementor-container elementor-column-gap-wide\">\n\t\t\t\t\t<div class=\"elementor-column elementor-col-50 elementor-top-column elementor-element elementor-element-c596b29\" data-id=\"c596b29\" data-element_type=\"column\" data-settings=\"{&quot;background_background&quot;:&quot;gradient&quot;}\">\n\t\t\t<div class=\"elementor-widget-wrap elementor-element-populated\">\n\t\t\t\t\t\t<div class=\"elementor-element elementor-element-19aadb3 elementor-widget elementor-widget-image\" data-id=\"19aadb3\" data-element_type=\"widget\" data-settings=\"{&quot;motion_fx_motion_fx_scrolling&quot;:&quot;yes&quot;,&quot;motion_fx_devices&quot;:[&quot;desktop&quot;,&quot;tablet&quot;,&quot;mobile&quot;]}\" data-widget_type=\"image.default\">\n\t\t\t\t<div class=\"elementor-widget-container\">\n\t\t\t\t\t\t\t\t\t\t\t\t\t\t\t<img fetchpriority=\"high\" decoding=\"async\" width=\"800\" height=\"800\" src=\"https:\/\/odunlamilaw.com\/wp-content\/uploads\/2022\/08\/Untitled-10.jpg\" class=\"attachment-full size-full wp-image-2865\" alt=\"\" srcset=\"https:\/\/odunlamilaw.com\/wp-content\/uploads\/2022\/08\/Untitled-10.jpg 800w, https:\/\/odunlamilaw.com\/wp-content\/uploads\/2022\/08\/Untitled-10-300x300.jpg 300w, https:\/\/odunlamilaw.com\/wp-content\/uploads\/2022\/08\/Untitled-10-150x150.jpg 150w, https:\/\/odunlamilaw.com\/wp-content\/uploads\/2022\/08\/Untitled-10-768x768.jpg 768w\" sizes=\"(max-width: 800px) 100vw, 800px\" \/>\t\t\t\t\t\t\t\t\t\t\t\t\t\t\t<\/div>\n\t\t\t\t<\/div>\n\t\t\t\t\t<\/div>\n\t\t<\/div>\n\t\t\t\t<div class=\"elementor-column elementor-col-50 elementor-top-column elementor-element elementor-element-3d860bc\" data-id=\"3d860bc\" data-element_type=\"column\">\n\t\t\t<div class=\"elementor-widget-wrap elementor-element-populated\">\n\t\t\t\t\t\t<div class=\"elementor-element elementor-element-6424d4f elementor-widget elementor-widget-heading\" data-id=\"6424d4f\" data-element_type=\"widget\" data-widget_type=\"heading.default\">\n\t\t\t\t<div class=\"elementor-widget-container\">\n\t\t\t\t\t<h2 class=\"elementor-heading-title elementor-size-default\">Odunlami Law es una abogada profesional de visa U para las v\u00edctimas en los Estados Unidos\n<\/h2>\t\t\t\t<\/div>\n\t\t\t\t<\/div>\n\t\t\t\t<div class=\"elementor-element elementor-element-f721316 elementor-widget-divider--view-line elementor-widget elementor-widget-divider\" data-id=\"f721316\" data-element_type=\"widget\" data-widget_type=\"divider.default\">\n\t\t\t\t<div class=\"elementor-widget-container\">\n\t\t\t\t\t\t\t<div class=\"elementor-divider\">\n\t\t\t<span class=\"elementor-divider-separator\">\n\t\t\t\t\t\t<\/span>\n\t\t<\/div>\n\t\t\t\t\t\t<\/div>\n\t\t\t\t<\/div>\n\t\t\t\t<div class=\"elementor-element elementor-element-ee1416f elementor-widget elementor-widget-text-editor\" data-id=\"ee1416f\" data-element_type=\"widget\" data-widget_type=\"text-editor.default\">\n\t\t\t\t<div class=\"elementor-widget-container\">\n\t\t\t\t\t\t\t\t\t<p>Para proteger a las v\u00edctimas de la delincuencia, el Congreso de Estados Unidos cre\u00f3 en 2000 la llamada Visa U. Su objetivo es motivar a las v\u00edctimas para que apliquen la ley y lleven su caso a la investigaci\u00f3n sin miedo a ser deportados.<\/p>\n<p><span style=\"font-style: inherit; font-weight: inherit;\">Las v\u00edctimas de delitos como la violencia dom\u00e9stica, el acoso, las agresiones sexuales y los delitos graves, entre otros, pueden acceder a la Visa U.<\/span><\/p>\n<p>Los inmigrantes que obtienen este beneficio pueden recibir un permiso de trabajo (\u00abDocumento de Autorizaci\u00f3n de Empleo\u00bb) y tambi\u00e9n podr\u00e1n solicitar la residencia permanente despu\u00e9s de tres a\u00f1os de obtener el visado U. Despu\u00e9s de haber sido residente permanente durante cinco a\u00f1os, tambi\u00e9n pueden solicitar la <a href=\"https:\/\/odunlamilaw.com\/es\/proceso-de-naturalizacion\/\" target=\"_blank\" rel=\"noopener\"><b>ciudadan\u00eda<\/b><\/a>si cumplen todos los dem\u00e1s requisitos del estatuto.<\/p>\n\t\t\t\t\t\t\t\t<\/div>\n\t\t\t\t<\/div>\n\t\t\t\t\t<\/div>\n\t\t<\/div>\n\t\t\t\t\t<\/div>\n\t\t<\/section>\n\t\t\t\t<section class=\"elementor-section elementor-top-section elementor-element elementor-element-4ced052 elementor-section-content-middle elementor-reverse-tablet elementor-reverse-mobile elementor-section-boxed elementor-section-height-default elementor-section-height-default\" data-id=\"4ced052\" data-element_type=\"section\" data-settings=\"{&quot;background_background&quot;:&quot;classic&quot;}\">\n\t\t\t\t\t\t\t<div class=\"elementor-background-overlay\"><\/div>\n\t\t\t\t\t\t\t<div class=\"elementor-container elementor-column-gap-wide\">\n\t\t\t\t\t<div class=\"elementor-column elementor-col-50 elementor-top-column elementor-element elementor-element-ebd63a7\" data-id=\"ebd63a7\" data-element_type=\"column\" data-settings=\"{&quot;background_background&quot;:&quot;classic&quot;}\">\n\t\t\t<div class=\"elementor-widget-wrap elementor-element-populated\">\n\t\t\t\t\t\t<div class=\"elementor-element elementor-element-b560f82 elementor-widget elementor-widget-heading\" data-id=\"b560f82\" data-element_type=\"widget\" data-widget_type=\"heading.default\">\n\t\t\t\t<div class=\"elementor-widget-container\">\n\t\t\t\t\t<h3 class=\"elementor-heading-title elementor-size-default\">C\u00f3mo saber si es elegible para la Visa U<\/h3>\t\t\t\t<\/div>\n\t\t\t\t<\/div>\n\t\t\t\t<div class=\"elementor-element elementor-element-38f58ec elementor-widget-divider--view-line elementor-widget elementor-widget-divider\" data-id=\"38f58ec\" data-element_type=\"widget\" data-widget_type=\"divider.default\">\n\t\t\t\t<div class=\"elementor-widget-container\">\n\t\t\t\t\t\t\t<div class=\"elementor-divider\">\n\t\t\t<span class=\"elementor-divider-separator\">\n\t\t\t\t\t\t<\/span>\n\t\t<\/div>\n\t\t\t\t\t\t<\/div>\n\t\t\t\t<\/div>\n\t\t\t\t<div class=\"elementor-element elementor-element-7aa7fde elementor-widget elementor-widget-text-editor\" data-id=\"7aa7fde\" data-element_type=\"widget\" data-widget_type=\"text-editor.default\">\n\t\t\t\t<div class=\"elementor-widget-container\">\n\t\t\t\t\t\t\t\t\t<ul>\n<li style=\"font-weight: 400;\" aria-level=\"1\"><span style=\"font-weight: 400;\">Usted es v\u00edctima de un acto delictivo cualificado.<\/span><\/li>\n<li style=\"font-weight: 400;\" aria-level=\"1\"><span style=\"font-weight: 400;\">Ha sufrido abusos f\u00edsicos o mentales como consecuencia de haber sido v\u00edctima de un acto delictivo.<\/span><\/li>\n<li style=\"font-weight: 400;\" aria-level=\"1\"><span style=\"font-weight: 400;\">Tiene informaci\u00f3n sobre actividades delictivas.<\/span><\/li>\n<li style=\"font-weight: 400;\" aria-level=\"1\"><span style=\"font-weight: 400;\">Usted fue \u00fatil, est\u00e1 siendo \u00fatil o es probable que sea \u00fatil para los organismos de aplicaci\u00f3n de la ley en la investigaci\u00f3n penal o el enjuiciamiento del delito.<\/span><\/li>\n<li style=\"font-weight: 400;\" aria-level=\"1\"><span style=\"font-weight: 400;\">Este delito tuvo lugar en Estados Unidos o viol\u00f3 la legislaci\u00f3n estadounidense.<\/span><\/li>\n<li style=\"font-weight: 400;\" aria-level=\"1\"><span style=\"font-weight: 400;\">Puede ser admitido en Estados Unidos.<\/span><\/li>\n<\/ul>\n\t\t\t\t\t\t\t\t<\/div>\n\t\t\t\t<\/div>\n\t\t\t\t<div class=\"elementor-element elementor-element-bcd4c4c elementor-widget elementor-widget-heading\" data-id=\"bcd4c4c\" data-element_type=\"widget\" data-widget_type=\"heading.default\">\n\t\t\t\t<div class=\"elementor-widget-container\">\n\t\t\t\t\t<h3 class=\"elementor-heading-title elementor-size-default\">\u00bfQu\u00e9 puede hacer por usted un abogado especializado en visa U en Nueva Jersey?\n<\/h3>\t\t\t\t<\/div>\n\t\t\t\t<\/div>\n\t\t\t\t<div class=\"elementor-element elementor-element-d9035ff elementor-widget elementor-widget-text-editor\" data-id=\"d9035ff\" data-element_type=\"widget\" data-widget_type=\"text-editor.default\">\n\t\t\t\t<div class=\"elementor-widget-container\">\n\t\t\t\t\t\t\t\t\t<p>Cuando un visado de este tipo se convierte en una necesidad, la contrataci\u00f3n de un abogado de inmigraci\u00f3n es decisiva para salir airoso de los tr\u00e1mites migratorios que hay que afrontar.<\/p>\n<p><span style=\"font-style: inherit; font-weight: inherit;\">Odunlami Law es una abogada experto en Visa U en Nueva Jersey. Nuestro equipo de abogados atender\u00e1 su caso, le mostraremos sus opciones, y juntos le guiaremos para superar este dif\u00edcil camino.<\/span><\/p>\n\t\t\t\t\t\t\t\t<\/div>\n\t\t\t\t<\/div>\n\t\t\t\t<div class=\"elementor-element elementor-element-11d25db elementor-align-left elementor-invisible elementor-widget elementor-widget-button\" data-id=\"11d25db\" data-element_type=\"widget\" data-settings=\"{&quot;_animation&quot;:&quot;fadeInUp&quot;,&quot;_animation_delay&quot;:100}\" data-widget_type=\"button.default\">\n\t\t\t\t<div class=\"elementor-widget-container\">\n\t\t\t\t\t\t\t\t\t<div class=\"elementor-button-wrapper\">\n\t\t\t\t\t<a class=\"elementor-button elementor-button-link elementor-size-md\" href=\"https:\/\/odunlamilaw.com\/contact-us\/\">\n\t\t\t\t\t\t<span class=\"elementor-button-content-wrapper\">\n\t\t\t\t\t\t\t\t\t<span class=\"elementor-button-text\">No est\u00e1s solo, Odunlami Law est\u00e1 aqu\u00ed para ayudarte<\/span>\n\t\t\t\t\t<\/span>\n\t\t\t\t\t<\/a>\n\t\t\t\t<\/div>\n\t\t\t\t\t\t\t\t<\/div>\n\t\t\t\t<\/div>\n\t\t\t\t\t<\/div>\n\t\t<\/div>\n\t\t\t\t<div class=\"elementor-column elementor-col-50 elementor-top-column elementor-element elementor-element-7837ec5\" data-id=\"7837ec5\" data-element_type=\"column\" data-settings=\"{&quot;background_background&quot;:&quot;classic&quot;}\">\n\t\t\t<div class=\"elementor-widget-wrap elementor-element-populated\">\n\t\t\t\t\t\t<div class=\"elementor-element elementor-element-8d82d3b elementor-hidden-desktop elementor-widget elementor-widget-image\" data-id=\"8d82d3b\" data-element_type=\"widget\" data-widget_type=\"image.default\">\n\t\t\t\t<div class=\"elementor-widget-container\">\n\t\t\t\t\t\t\t\t\t\t\t\t\t\t\t<img decoding=\"async\" width=\"1920\" height=\"1280\" src=\"https:\/\/odunlamilaw.com\/wp-content\/uploads\/2022\/08\/pexels-alex-green-5699775.jpg\" class=\"attachment-full size-full wp-image-3125\" alt=\"\" srcset=\"https:\/\/odunlamilaw.com\/wp-content\/uploads\/2022\/08\/pexels-alex-green-5699775.jpg 1920w, https:\/\/odunlamilaw.com\/wp-content\/uploads\/2022\/08\/pexels-alex-green-5699775-300x200.jpg 300w, https:\/\/odunlamilaw.com\/wp-content\/uploads\/2022\/08\/pexels-alex-green-5699775-1024x683.jpg 1024w, https:\/\/odunlamilaw.com\/wp-content\/uploads\/2022\/08\/pexels-alex-green-5699775-768x512.jpg 768w, https:\/\/odunlamilaw.com\/wp-content\/uploads\/2022\/08\/pexels-alex-green-5699775-1536x1024.jpg 1536w\" sizes=\"(max-width: 1920px) 100vw, 1920px\" \/>\t\t\t\t\t\t\t\t\t\t\t\t\t\t\t<\/div>\n\t\t\t\t<\/div>\n\t\t\t\t\t<\/div>\n\t\t<\/div>\n\t\t\t\t\t<\/div>\n\t\t<\/section>\n\t\t\t\t<section class=\"elementor-section elementor-top-section elementor-element elementor-element-3f6e752 elementor-section-content-middle elementor-section-boxed elementor-section-height-default elementor-section-height-default\" data-id=\"3f6e752\" data-element_type=\"section\" data-settings=\"{&quot;background_background&quot;:&quot;classic&quot;}\">\n\t\t\t\t\t\t\t<div class=\"elementor-background-overlay\"><\/div>\n\t\t\t\t\t\t\t<div class=\"elementor-container elementor-column-gap-wide\">\n\t\t\t\t\t<div class=\"elementor-column elementor-col-50 elementor-top-column elementor-element elementor-element-32d5df2\" data-id=\"32d5df2\" data-element_type=\"column\" data-settings=\"{&quot;background_background&quot;:&quot;classic&quot;}\">\n\t\t\t<div class=\"elementor-widget-wrap elementor-element-populated\">\n\t\t\t\t\t\t<div class=\"elementor-element elementor-element-96114f3 elementor-hidden-desktop elementor-widget elementor-widget-image\" data-id=\"96114f3\" data-element_type=\"widget\" data-widget_type=\"image.default\">\n\t\t\t\t<div class=\"elementor-widget-container\">\n\t\t\t\t\t\t\t\t\t\t\t\t\t\t\t<img decoding=\"async\" width=\"1000\" height=\"600\" src=\"https:\/\/odunlamilaw.com\/wp-content\/uploads\/2022\/06\/Untitled-1.jpg\" class=\"attachment-full size-full wp-image-1624\" alt=\"\" srcset=\"https:\/\/odunlamilaw.com\/wp-content\/uploads\/2022\/06\/Untitled-1.jpg 1000w, https:\/\/odunlamilaw.com\/wp-content\/uploads\/2022\/06\/Untitled-1-300x180.jpg 300w, https:\/\/odunlamilaw.com\/wp-content\/uploads\/2022\/06\/Untitled-1-768x461.jpg 768w\" sizes=\"(max-width: 1000px) 100vw, 1000px\" \/>\t\t\t\t\t\t\t\t\t\t\t\t\t\t\t<\/div>\n\t\t\t\t<\/div>\n\t\t\t\t\t<\/div>\n\t\t<\/div>\n\t\t\t\t<div class=\"elementor-column elementor-col-50 elementor-top-column elementor-element elementor-element-0f32695\" data-id=\"0f32695\" data-element_type=\"column\" data-settings=\"{&quot;background_background&quot;:&quot;classic&quot;}\">\n\t\t\t<div class=\"elementor-widget-wrap elementor-element-populated\">\n\t\t\t\t\t\t<div class=\"elementor-element elementor-element-58af938 elementor-widget elementor-widget-heading\" data-id=\"58af938\" data-element_type=\"widget\" data-widget_type=\"heading.default\">\n\t\t\t\t<div class=\"elementor-widget-container\">\n\t\t\t\t\t<h4 class=\"elementor-heading-title elementor-size-default\"><a href=\"#\">Odunlami Law Firm\n<\/a><\/h4>\t\t\t\t<\/div>\n\t\t\t\t<\/div>\n\t\t\t\t<div class=\"elementor-element elementor-element-54a5720 elementor-widget-divider--view-line elementor-widget elementor-widget-divider\" data-id=\"54a5720\" data-element_type=\"widget\" data-widget_type=\"divider.default\">\n\t\t\t\t<div class=\"elementor-widget-container\">\n\t\t\t\t\t\t\t<div class=\"elementor-divider\">\n\t\t\t<span class=\"elementor-divider-separator\">\n\t\t\t\t\t\t<\/span>\n\t\t<\/div>\n\t\t\t\t\t\t<\/div>\n\t\t\t\t<\/div>\n\t\t\t\t<div class=\"elementor-element elementor-element-7d7fb6e elementor-widget elementor-widget-text-editor\" data-id=\"7d7fb6e\" data-element_type=\"widget\" data-widget_type=\"text-editor.default\">\n\t\t\t\t<div class=\"elementor-widget-container\">\n\t\t\t\t\t\t\t\t\tPrograme una consulta con un abogado de inmigraci\u00f3n y comience su caso hoy mismo.\n\t\t\t\t\t\t\t\t<\/div>\n\t\t\t\t<\/div>\n\t\t\t\t<div class=\"elementor-element elementor-element-a7ed111 elementor-align-center elementor-invisible elementor-widget elementor-widget-button\" data-id=\"a7ed111\" data-element_type=\"widget\" data-settings=\"{&quot;_animation&quot;:&quot;fadeInUp&quot;,&quot;_animation_delay&quot;:100}\" data-widget_type=\"button.default\">\n\t\t\t\t<div class=\"elementor-widget-container\">\n\t\t\t\t\t\t\t\t\t<div class=\"elementor-button-wrapper\">\n\t\t\t\t\t<a class=\"elementor-button elementor-button-link elementor-size-md\" href=\"https:\/\/odunlamilaw.com\/schedule-a-consultation\/\">\n\t\t\t\t\t\t<span class=\"elementor-button-content-wrapper\">\n\t\t\t\t\t\t\t\t\t<span class=\"elementor-button-text\">Programe una cita<\/span>\n\t\t\t\t\t<\/span>\n\t\t\t\t\t<\/a>\n\t\t\t\t<\/div>\n\t\t\t\t\t\t\t\t<\/div>\n\t\t\t\t<\/div>\n\t\t\t\t\t<\/div>\n\t\t<\/div>\n\t\t\t\t\t<\/div>\n\t\t<\/section>\n\t\t\t\t<\/div>\n\t\t","protected":false},"excerpt":{"rendered":"<p>Abogada de Visa U en Nueva Jersey para proteger a las v\u00edctimas de delitos Odunlami Law es una abogada profesional de visa U para las v\u00edctimas en los Estados Unidos Para proteger a las v\u00edctimas de la delincuencia, el Congreso de Estados Unidos cre\u00f3 en 2000 la llamada Visa U. Su objetivo es motivar a [&hellip;]<\/p>\n","protected":false},"author":7,"featured_media":0,"parent":0,"menu_order":0,"comment_status":"closed","ping_status":"closed","template":"","meta":{"site-sidebar-layout":"no-sidebar","site-content-layout":"page-builder","ast-site-content-layout":"default","site-content-style":"default","site-sidebar-style":"default","ast-global-header-display":"","ast-banner-title-visibility":"","ast-main-header-display":"","ast-hfb-above-header-display":"","ast-hfb-below-header-display":"","ast-hfb-mobile-header-display":"","site-post-title":"disabled","ast-breadcrumbs-content":"","ast-featured-img":"","footer-sml-layout":"","theme-transparent-header-meta":"enabled","adv-header-id-meta":"","stick-header-meta":"","header-above-stick-meta":"","header-main-stick-meta":"","header-below-stick-meta":"","astra-migrate-meta-layouts":"default","ast-page-background-enabled":"default","ast-page-background-meta":{"desktop":{"background-color":"","background-image":"","background-repeat":"repeat","background-position":"center center","background-size":"auto","background-attachment":"scroll","background-type":"","background-media":"","overlay-type":"","overlay-color":"","overlay-opacity":"","overlay-gradient":""},"tablet":{"background-color":"","background-image":"","background-repeat":"repeat","background-position":"center center","background-size":"auto","background-attachment":"scroll","background-type":"","background-media":"","overlay-type":"","overlay-color":"","overlay-opacity":"","overlay-gradient":""},"mobile":{"background-color":"","background-image":"","background-repeat":"repeat","background-position":"center center","background-size":"auto","background-attachment":"scroll","background-type":"","background-media":"","overlay-type":"","overlay-color":"","overlay-opacity":"","overlay-gradient":""}},"ast-content-background-meta":{"desktop":{"background-color":"var(--ast-global-color-5)","background-image":"","background-repeat":"repeat","background-position":"center center","background-size":"auto","background-attachment":"scroll","background-type":"","background-media":"","overlay-type":"","overlay-color":"","overlay-opacity":"","overlay-gradient":""},"tablet":{"background-color":"var(--ast-global-color-5)","background-image":"","background-repeat":"repeat","background-position":"center center","background-size":"auto","background-attachment":"scroll","background-type":"","background-media":"","overlay-type":"","overlay-color":"","overlay-opacity":"","overlay-gradient":""},"mobile":{"background-color":"var(--ast-global-color-5)","background-image":"","background-repeat":"repeat","background-position":"center center","background-size":"auto","background-attachment":"scroll","background-type":"","background-media":"","overlay-type":"","overlay-color":"","overlay-opacity":"","overlay-gradient":""}},"footnotes":""},"class_list":["post-4054","page","type-page","status-publish","hentry"],"_links":{"self":[{"href":"https:\/\/odunlamilaw.com\/es\/wp-json\/wp\/v2\/pages\/4054","targetHints":{"allow":["GET"]}}],"collection":[{"href":"https:\/\/odunlamilaw.com\/es\/wp-json\/wp\/v2\/pages"}],"about":[{"href":"https:\/\/odunlamilaw.com\/es\/wp-json\/wp\/v2\/types\/page"}],"author":[{"embeddable":true,"href":"https:\/\/odunlamilaw.com\/es\/wp-json\/wp\/v2\/users\/7"}],"replies":[{"embeddable":true,"href":"https:\/\/odunlamilaw.com\/es\/wp-json\/wp\/v2\/comments?post=4054"}],"version-history":[{"count":3,"href":"https:\/\/odunlamilaw.com\/es\/wp-json\/wp\/v2\/pages\/4054\/revisions"}],"predecessor-version":[{"id":4329,"href":"https:\/\/odunlamilaw.com\/es\/wp-json\/wp\/v2\/pages\/4054\/revisions\/4329"}],"wp:attachment":[{"href":"https:\/\/odunlamilaw.com\/es\/wp-json\/wp\/v2\/media?parent=4054"}],"curies":[{"name":"wp","href":"https:\/\/api.w.org\/{rel}","templated":true}]}}