{"id":4052,"date":"2022-07-28T13:08:13","date_gmt":"2022-07-28T13:08:13","guid":{"rendered":"https:\/\/odunlamilaw.com\/estatus-especial-de-inmigrante-juvenil\/"},"modified":"2022-10-28T18:37:41","modified_gmt":"2022-10-28T18:37:41","slug":"estatus-especial-de-inmigrante-juvenil","status":"publish","type":"page","link":"https:\/\/odunlamilaw.com\/es\/estatus-especial-de-inmigrante-juvenil\/","title":{"rendered":"Estatus especial de Inmigrante Juvenil"},"content":{"rendered":"\t\t<div data-elementor-type=\"wp-post\" data-elementor-id=\"4052\" class=\"elementor elementor-4052\" data-elementor-post-type=\"page\">\n\t\t\t\t\t\t<section class=\"elementor-section elementor-top-section elementor-element elementor-element-fd3210e elementor-section-boxed elementor-section-height-default elementor-section-height-default\" data-id=\"fd3210e\" data-element_type=\"section\" data-settings=\"{&quot;background_background&quot;:&quot;classic&quot;}\">\n\t\t\t\t\t\t\t<div class=\"elementor-background-overlay\"><\/div>\n\t\t\t\t\t\t\t<div class=\"elementor-container elementor-column-gap-wide\">\n\t\t\t\t\t<div class=\"elementor-column elementor-col-100 elementor-top-column elementor-element elementor-element-d43efa6\" data-id=\"d43efa6\" data-element_type=\"column\">\n\t\t\t<div class=\"elementor-widget-wrap elementor-element-populated\">\n\t\t\t\t\t\t<div class=\"elementor-element elementor-element-23d98a1 elementor-widget elementor-widget-heading\" data-id=\"23d98a1\" data-element_type=\"widget\" data-widget_type=\"heading.default\">\n\t\t\t\t<div class=\"elementor-widget-container\">\n\t\t\t\t\t<h1 class=\"elementor-heading-title elementor-size-default\">Representaci\u00f3n legal para <br>menores inmigrantes especiales\n<\/h1>\t\t\t\t<\/div>\n\t\t\t\t<\/div>\n\t\t\t\t\t<\/div>\n\t\t<\/div>\n\t\t\t\t\t<\/div>\n\t\t<\/section>\n\t\t\t\t<section class=\"elementor-section elementor-top-section elementor-element elementor-element-47e2743 elementor-section-content-middle elementor-section-boxed elementor-section-height-default elementor-section-height-default\" data-id=\"47e2743\" data-element_type=\"section\">\n\t\t\t\t\t\t<div class=\"elementor-container elementor-column-gap-wide\">\n\t\t\t\t\t<div class=\"elementor-column elementor-col-50 elementor-top-column elementor-element elementor-element-c596b29\" data-id=\"c596b29\" data-element_type=\"column\" data-settings=\"{&quot;background_background&quot;:&quot;gradient&quot;}\">\n\t\t\t<div class=\"elementor-widget-wrap elementor-element-populated\">\n\t\t\t\t\t\t<div class=\"elementor-element elementor-element-19aadb3 elementor-widget elementor-widget-image\" data-id=\"19aadb3\" data-element_type=\"widget\" data-settings=\"{&quot;motion_fx_motion_fx_scrolling&quot;:&quot;yes&quot;,&quot;motion_fx_devices&quot;:[&quot;desktop&quot;,&quot;tablet&quot;,&quot;mobile&quot;]}\" data-widget_type=\"image.default\">\n\t\t\t\t<div class=\"elementor-widget-container\">\n\t\t\t\t\t\t\t\t\t\t\t\t\t\t\t<img fetchpriority=\"high\" decoding=\"async\" width=\"800\" height=\"800\" src=\"https:\/\/odunlamilaw.com\/wp-content\/uploads\/2022\/07\/Untitled-3.jpg\" class=\"attachment-full size-full wp-image-1794\" alt=\"\" srcset=\"https:\/\/odunlamilaw.com\/wp-content\/uploads\/2022\/07\/Untitled-3.jpg 800w, https:\/\/odunlamilaw.com\/wp-content\/uploads\/2022\/07\/Untitled-3-300x300.jpg 300w, https:\/\/odunlamilaw.com\/wp-content\/uploads\/2022\/07\/Untitled-3-150x150.jpg 150w, https:\/\/odunlamilaw.com\/wp-content\/uploads\/2022\/07\/Untitled-3-768x768.jpg 768w\" sizes=\"(max-width: 800px) 100vw, 800px\" \/>\t\t\t\t\t\t\t\t\t\t\t\t\t\t\t<\/div>\n\t\t\t\t<\/div>\n\t\t\t\t\t<\/div>\n\t\t<\/div>\n\t\t\t\t<div class=\"elementor-column elementor-col-50 elementor-top-column elementor-element elementor-element-3d860bc\" data-id=\"3d860bc\" data-element_type=\"column\">\n\t\t\t<div class=\"elementor-widget-wrap elementor-element-populated\">\n\t\t\t\t\t\t<div class=\"elementor-element elementor-element-6424d4f elementor-widget elementor-widget-heading\" data-id=\"6424d4f\" data-element_type=\"widget\" data-widget_type=\"heading.default\">\n\t\t\t\t<div class=\"elementor-widget-container\">\n\t\t\t\t\t<h2 class=\"elementor-heading-title elementor-size-default\"> Ayudar a los ni\u00f1os inmigrantes vulnerables a obtener un estatus legal<\/h2>\t\t\t\t<\/div>\n\t\t\t\t<\/div>\n\t\t\t\t<div class=\"elementor-element elementor-element-f721316 elementor-widget-divider--view-line elementor-widget elementor-widget-divider\" data-id=\"f721316\" data-element_type=\"widget\" data-widget_type=\"divider.default\">\n\t\t\t\t<div class=\"elementor-widget-container\">\n\t\t\t\t\t\t\t<div class=\"elementor-divider\">\n\t\t\t<span class=\"elementor-divider-separator\">\n\t\t\t\t\t\t<\/span>\n\t\t<\/div>\n\t\t\t\t\t\t<\/div>\n\t\t\t\t<\/div>\n\t\t\t\t<div class=\"elementor-element elementor-element-ee1416f elementor-widget elementor-widget-text-editor\" data-id=\"ee1416f\" data-element_type=\"widget\" data-widget_type=\"text-editor.default\">\n\t\t\t\t<div class=\"elementor-widget-container\">\n\t\t\t\t\t\t\t\t\t<p>El Estatus Especial de Inmigrante Juvenil (SIJS) es un estatus legal para los ni\u00f1os nacidos en el extranjero que han sufrido abusos, negligencia o abandono por parte de uno o ambos padres. Los ni\u00f1os que reciben el Estatus Especial de Inmigrante Juvenil se benefician de un alivio de la deportaci\u00f3n y pueden obtener un visado estadounidense o una tarjeta verde.<\/p>\n\t\t\t\t\t\t\t\t<\/div>\n\t\t\t\t<\/div>\n\t\t\t\t<div class=\"elementor-element elementor-element-1e092fb elementor-invisible elementor-widget elementor-widget-video\" data-id=\"1e092fb\" data-element_type=\"widget\" data-settings=\"{&quot;youtube_url&quot;:&quot;https:\\\/\\\/youtu.be\\\/6wY5OnhTx8M&quot;,&quot;lazy_load&quot;:&quot;yes&quot;,&quot;_animation&quot;:&quot;fadeIn&quot;,&quot;video_type&quot;:&quot;youtube&quot;,&quot;controls&quot;:&quot;yes&quot;}\" data-widget_type=\"video.default\">\n\t\t\t\t<div class=\"elementor-widget-container\">\n\t\t\t\t\t\t\t<div class=\"elementor-wrapper elementor-open-inline\">\n\t\t\t<div class=\"elementor-video\"><\/div>\t\t<\/div>\n\t\t\t\t\t\t<\/div>\n\t\t\t\t<\/div>\n\t\t\t\t\t<\/div>\n\t\t<\/div>\n\t\t\t\t\t<\/div>\n\t\t<\/section>\n\t\t\t\t<section class=\"elementor-section elementor-top-section elementor-element elementor-element-2b3d2d5 elementor-section-content-middle elementor-reverse-tablet elementor-reverse-mobile elementor-section-boxed elementor-section-height-default elementor-section-height-default\" data-id=\"2b3d2d5\" data-element_type=\"section\" data-settings=\"{&quot;background_background&quot;:&quot;classic&quot;}\">\n\t\t\t\t\t\t\t<div class=\"elementor-background-overlay\"><\/div>\n\t\t\t\t\t\t\t<div class=\"elementor-container elementor-column-gap-wide\">\n\t\t\t\t\t<div class=\"elementor-column elementor-col-50 elementor-top-column elementor-element elementor-element-bb003c7\" data-id=\"bb003c7\" data-element_type=\"column\" data-settings=\"{&quot;background_background&quot;:&quot;classic&quot;}\">\n\t\t\t<div class=\"elementor-widget-wrap elementor-element-populated\">\n\t\t\t\t\t\t<div class=\"elementor-element elementor-element-c9ba06b elementor-widget elementor-widget-heading\" data-id=\"c9ba06b\" data-element_type=\"widget\" data-widget_type=\"heading.default\">\n\t\t\t\t<div class=\"elementor-widget-container\">\n\t\t\t\t\t<h3 class=\"elementor-heading-title elementor-size-default\">Los requisitos para acceder al Estatus Especial de Inmigrante Juvenil son:\n<\/h3>\t\t\t\t<\/div>\n\t\t\t\t<\/div>\n\t\t\t\t<div class=\"elementor-element elementor-element-ec4d513 elementor-widget-divider--view-line elementor-widget elementor-widget-divider\" data-id=\"ec4d513\" data-element_type=\"widget\" data-widget_type=\"divider.default\">\n\t\t\t\t<div class=\"elementor-widget-container\">\n\t\t\t\t\t\t\t<div class=\"elementor-divider\">\n\t\t\t<span class=\"elementor-divider-separator\">\n\t\t\t\t\t\t<\/span>\n\t\t<\/div>\n\t\t\t\t\t\t<\/div>\n\t\t\t\t<\/div>\n\t\t\t\t<div class=\"elementor-element elementor-element-c1d7b1c elementor-widget elementor-widget-text-editor\" data-id=\"c1d7b1c\" data-element_type=\"widget\" data-widget_type=\"text-editor.default\">\n\t\t\t\t<div class=\"elementor-widget-container\">\n\t\t\t\t\t\t\t\t\t<ul>\n<li>Tiene menos de 21 a\u00f1os.<\/li>\n<li>Est\u00e1 soltero (no casado).<\/li>\n<li>Ha sido declarado dependiente por un tribunal de menores o ha sido declarado dependiente por una entidad gubernamental o por un particular.<\/li>\n<li>La reunificaci\u00f3n con alguno de los padres no es factible debido a los malos tratos, la negligencia o el abandono.<\/li>\n<li>Se ha determinado que lo mejor para usted es no volver a su pa\u00eds de origen o de residencia anterior.<\/li>\n<\/ul>\n<p><span style=\"font-style: inherit; font-weight: inherit;\">Odunlami Law es un bufete de abogados de inmigraci\u00f3n con sede en Nueva Jersey y con a\u00f1os de experiencia trabajando con la comunidad inmigrante local. La abogada Odunlami ha ayudado a muchos ni\u00f1os a obtener el Estatus Especial de Inmigrante Juvenil, trabajando estrechamente con ellos y sus familias para recopilar la documentaci\u00f3n necesaria y representarlos en los tribunales. Ella entiende la importancia de esta designaci\u00f3n para sus clientes y trabaja incansablemente para asegurar que reciban el mejor resultado posible.<\/span><\/p>\n\t\t\t\t\t\t\t\t<\/div>\n\t\t\t\t<\/div>\n\t\t\t\t<div class=\"elementor-element elementor-element-5b16366 elementor-align-left elementor-invisible elementor-widget elementor-widget-button\" data-id=\"5b16366\" data-element_type=\"widget\" data-settings=\"{&quot;_animation&quot;:&quot;fadeInUp&quot;,&quot;_animation_delay&quot;:100}\" data-widget_type=\"button.default\">\n\t\t\t\t<div class=\"elementor-widget-container\">\n\t\t\t\t\t\t\t\t\t<div class=\"elementor-button-wrapper\">\n\t\t\t\t\t<a class=\"elementor-button elementor-button-link elementor-size-md\" href=\"https:\/\/odunlamilaw.com\/contact-us\/\">\n\t\t\t\t\t\t<span class=\"elementor-button-content-wrapper\">\n\t\t\t\t\t\t\t\t\t<span class=\"elementor-button-text\">\u00bfNecesita representaci\u00f3n? P\u00f3ngase en contacto con nosotros.<\/span>\n\t\t\t\t\t<\/span>\n\t\t\t\t\t<\/a>\n\t\t\t\t<\/div>\n\t\t\t\t\t\t\t\t<\/div>\n\t\t\t\t<\/div>\n\t\t\t\t\t<\/div>\n\t\t<\/div>\n\t\t\t\t<div class=\"elementor-column elementor-col-50 elementor-top-column elementor-element elementor-element-011d0dd\" data-id=\"011d0dd\" data-element_type=\"column\" data-settings=\"{&quot;background_background&quot;:&quot;classic&quot;}\">\n\t\t\t<div class=\"elementor-widget-wrap elementor-element-populated\">\n\t\t\t\t\t\t<div class=\"elementor-element elementor-element-854f295 elementor-hidden-desktop elementor-widget elementor-widget-image\" data-id=\"854f295\" data-element_type=\"widget\" data-widget_type=\"image.default\">\n\t\t\t\t<div class=\"elementor-widget-container\">\n\t\t\t\t\t\t\t\t\t\t\t\t\t\t\t<img decoding=\"async\" width=\"1920\" height=\"1280\" src=\"https:\/\/odunlamilaw.com\/wp-content\/uploads\/2022\/08\/pexels-alex-green-5699432.jpg\" class=\"attachment-full size-full wp-image-3075\" alt=\"\" srcset=\"https:\/\/odunlamilaw.com\/wp-content\/uploads\/2022\/08\/pexels-alex-green-5699432.jpg 1920w, https:\/\/odunlamilaw.com\/wp-content\/uploads\/2022\/08\/pexels-alex-green-5699432-300x200.jpg 300w, https:\/\/odunlamilaw.com\/wp-content\/uploads\/2022\/08\/pexels-alex-green-5699432-1024x683.jpg 1024w, https:\/\/odunlamilaw.com\/wp-content\/uploads\/2022\/08\/pexels-alex-green-5699432-768x512.jpg 768w, https:\/\/odunlamilaw.com\/wp-content\/uploads\/2022\/08\/pexels-alex-green-5699432-1536x1024.jpg 1536w\" sizes=\"(max-width: 1920px) 100vw, 1920px\" \/>\t\t\t\t\t\t\t\t\t\t\t\t\t\t\t<\/div>\n\t\t\t\t<\/div>\n\t\t\t\t\t<\/div>\n\t\t<\/div>\n\t\t\t\t\t<\/div>\n\t\t<\/section>\n\t\t\t\t<section class=\"elementor-section elementor-top-section elementor-element elementor-element-cb718ae elementor-section-content-middle elementor-section-boxed elementor-section-height-default elementor-section-height-default\" data-id=\"cb718ae\" data-element_type=\"section\" data-settings=\"{&quot;background_background&quot;:&quot;classic&quot;}\">\n\t\t\t\t\t\t\t<div class=\"elementor-background-overlay\"><\/div>\n\t\t\t\t\t\t\t<div class=\"elementor-container elementor-column-gap-wide\">\n\t\t\t\t\t<div class=\"elementor-column elementor-col-50 elementor-top-column elementor-element elementor-element-b62e5ac\" data-id=\"b62e5ac\" data-element_type=\"column\" data-settings=\"{&quot;background_background&quot;:&quot;classic&quot;}\">\n\t\t\t<div class=\"elementor-widget-wrap elementor-element-populated\">\n\t\t\t\t\t\t<div class=\"elementor-element elementor-element-ad0df7a elementor-hidden-desktop elementor-widget elementor-widget-image\" data-id=\"ad0df7a\" data-element_type=\"widget\" data-widget_type=\"image.default\">\n\t\t\t\t<div class=\"elementor-widget-container\">\n\t\t\t\t\t\t\t\t\t\t\t\t\t\t\t<img decoding=\"async\" width=\"1000\" height=\"600\" src=\"https:\/\/odunlamilaw.com\/wp-content\/uploads\/2022\/06\/Untitled-1.jpg\" class=\"attachment-full size-full wp-image-1624\" alt=\"\" srcset=\"https:\/\/odunlamilaw.com\/wp-content\/uploads\/2022\/06\/Untitled-1.jpg 1000w, https:\/\/odunlamilaw.com\/wp-content\/uploads\/2022\/06\/Untitled-1-300x180.jpg 300w, https:\/\/odunlamilaw.com\/wp-content\/uploads\/2022\/06\/Untitled-1-768x461.jpg 768w\" sizes=\"(max-width: 1000px) 100vw, 1000px\" \/>\t\t\t\t\t\t\t\t\t\t\t\t\t\t\t<\/div>\n\t\t\t\t<\/div>\n\t\t\t\t\t<\/div>\n\t\t<\/div>\n\t\t\t\t<div class=\"elementor-column elementor-col-50 elementor-top-column elementor-element elementor-element-a3ede97\" data-id=\"a3ede97\" data-element_type=\"column\" data-settings=\"{&quot;background_background&quot;:&quot;classic&quot;}\">\n\t\t\t<div class=\"elementor-widget-wrap elementor-element-populated\">\n\t\t\t\t\t\t<div class=\"elementor-element elementor-element-33bb167 elementor-widget elementor-widget-heading\" data-id=\"33bb167\" data-element_type=\"widget\" data-widget_type=\"heading.default\">\n\t\t\t\t<div class=\"elementor-widget-container\">\n\t\t\t\t\t<h4 class=\"elementor-heading-title elementor-size-default\"><a href=\"#\">Odunlami Law Firm\n<\/a><\/h4>\t\t\t\t<\/div>\n\t\t\t\t<\/div>\n\t\t\t\t<div class=\"elementor-element elementor-element-da49d89 elementor-widget-divider--view-line elementor-widget elementor-widget-divider\" data-id=\"da49d89\" data-element_type=\"widget\" data-widget_type=\"divider.default\">\n\t\t\t\t<div class=\"elementor-widget-container\">\n\t\t\t\t\t\t\t<div class=\"elementor-divider\">\n\t\t\t<span class=\"elementor-divider-separator\">\n\t\t\t\t\t\t<\/span>\n\t\t<\/div>\n\t\t\t\t\t\t<\/div>\n\t\t\t\t<\/div>\n\t\t\t\t<div class=\"elementor-element elementor-element-7d0a692 elementor-widget elementor-widget-text-editor\" data-id=\"7d0a692\" data-element_type=\"widget\" data-widget_type=\"text-editor.default\">\n\t\t\t\t<div class=\"elementor-widget-container\">\n\t\t\t\t\t\t\t\t\tPrograme una consulta con un abogado de inmigraci\u00f3n y comience su caso hoy mismo.\n\t\t\t\t\t\t\t\t<\/div>\n\t\t\t\t<\/div>\n\t\t\t\t<div class=\"elementor-element elementor-element-03f5534 elementor-align-center elementor-invisible elementor-widget elementor-widget-button\" data-id=\"03f5534\" data-element_type=\"widget\" data-settings=\"{&quot;_animation&quot;:&quot;fadeInUp&quot;,&quot;_animation_delay&quot;:100}\" data-widget_type=\"button.default\">\n\t\t\t\t<div class=\"elementor-widget-container\">\n\t\t\t\t\t\t\t\t\t<div class=\"elementor-button-wrapper\">\n\t\t\t\t\t<a class=\"elementor-button elementor-button-link elementor-size-md\" href=\"https:\/\/odunlamilaw.com\/schedule-a-consultation\/\">\n\t\t\t\t\t\t<span class=\"elementor-button-content-wrapper\">\n\t\t\t\t\t\t\t\t\t<span class=\"elementor-button-text\">Programe una cita<\/span>\n\t\t\t\t\t<\/span>\n\t\t\t\t\t<\/a>\n\t\t\t\t<\/div>\n\t\t\t\t\t\t\t\t<\/div>\n\t\t\t\t<\/div>\n\t\t\t\t\t<\/div>\n\t\t<\/div>\n\t\t\t\t\t<\/div>\n\t\t<\/section>\n\t\t\t\t<\/div>\n\t\t","protected":false},"excerpt":{"rendered":"<p>Representaci\u00f3n legal para menores inmigrantes especiales Ayudar a los ni\u00f1os inmigrantes vulnerables a obtener un estatus legal El Estatus Especial de Inmigrante Juvenil (SIJS) es un estatus legal para los ni\u00f1os nacidos en el extranjero que han sufrido abusos, negligencia o abandono por parte de uno o ambos padres. Los ni\u00f1os que reciben el Estatus [&hellip;]<\/p>\n","protected":false},"author":7,"featured_media":3893,"parent":0,"menu_order":0,"comment_status":"closed","ping_status":"closed","template":"","meta":{"site-sidebar-layout":"no-sidebar","site-content-layout":"page-builder","ast-site-content-layout":"full-width-container","site-content-style":"unboxed","site-sidebar-style":"unboxed","ast-global-header-display":"","ast-banner-title-visibility":"","ast-main-header-display":"","ast-hfb-above-header-display":"","ast-hfb-below-header-display":"","ast-hfb-mobile-header-display":"","site-post-title":"disabled","ast-breadcrumbs-content":"","ast-featured-img":"","footer-sml-layout":"","theme-transparent-header-meta":"enabled","adv-header-id-meta":"","stick-header-meta":"default","header-above-stick-meta":"","header-main-stick-meta":"","header-below-stick-meta":"","astra-migrate-meta-layouts":"default","ast-page-background-enabled":"default","ast-page-background-meta":{"desktop":{"background-color":"","background-image":"","background-repeat":"repeat","background-position":"center center","background-size":"auto","background-attachment":"scroll","background-type":"","background-media":"","overlay-type":"","overlay-color":"","overlay-opacity":"","overlay-gradient":""},"tablet":{"background-color":"","background-image":"","background-repeat":"repeat","background-position":"center center","background-size":"auto","background-attachment":"scroll","background-type":"","background-media":"","overlay-type":"","overlay-color":"","overlay-opacity":"","overlay-gradient":""},"mobile":{"background-color":"","background-image":"","background-repeat":"repeat","background-position":"center center","background-size":"auto","background-attachment":"scroll","background-type":"","background-media":"","overlay-type":"","overlay-color":"","overlay-opacity":"","overlay-gradient":""}},"ast-content-background-meta":{"desktop":{"background-color":"var(--ast-global-color-5)","background-image":"","background-repeat":"repeat","background-position":"center center","background-size":"auto","background-attachment":"scroll","background-type":"","background-media":"","overlay-type":"","overlay-color":"","overlay-opacity":"","overlay-gradient":""},"tablet":{"background-color":"var(--ast-global-color-5)","background-image":"","background-repeat":"repeat","background-position":"center center","background-size":"auto","background-attachment":"scroll","background-type":"","background-media":"","overlay-type":"","overlay-color":"","overlay-opacity":"","overlay-gradient":""},"mobile":{"background-color":"var(--ast-global-color-5)","background-image":"","background-repeat":"repeat","background-position":"center center","background-size":"auto","background-attachment":"scroll","background-type":"","background-media":"","overlay-type":"","overlay-color":"","overlay-opacity":"","overlay-gradient":""}},"footnotes":""},"class_list":["post-4052","page","type-page","status-publish","has-post-thumbnail","hentry"],"_links":{"self":[{"href":"https:\/\/odunlamilaw.com\/es\/wp-json\/wp\/v2\/pages\/4052","targetHints":{"allow":["GET"]}}],"collection":[{"href":"https:\/\/odunlamilaw.com\/es\/wp-json\/wp\/v2\/pages"}],"about":[{"href":"https:\/\/odunlamilaw.com\/es\/wp-json\/wp\/v2\/types\/page"}],"author":[{"embeddable":true,"href":"https:\/\/odunlamilaw.com\/es\/wp-json\/wp\/v2\/users\/7"}],"replies":[{"embeddable":true,"href":"https:\/\/odunlamilaw.com\/es\/wp-json\/wp\/v2\/comments?post=4052"}],"version-history":[{"count":3,"href":"https:\/\/odunlamilaw.com\/es\/wp-json\/wp\/v2\/pages\/4052\/revisions"}],"predecessor-version":[{"id":4335,"href":"https:\/\/odunlamilaw.com\/es\/wp-json\/wp\/v2\/pages\/4052\/revisions\/4335"}],"wp:featuredmedia":[{"embeddable":true,"href":"https:\/\/odunlamilaw.com\/es\/wp-json\/wp\/v2\/media\/3893"}],"wp:attachment":[{"href":"https:\/\/odunlamilaw.com\/es\/wp-json\/wp\/v2\/media?parent=4052"}],"curies":[{"name":"wp","href":"https:\/\/api.w.org\/{rel}","templated":true}]}}